{"id":4809,"date":"2025-06-23T09:55:30","date_gmt":"2025-06-23T06:55:30","guid":{"rendered":"https:\/\/ardo.it\/?page_id=4809"},"modified":"2025-06-23T10:19:52","modified_gmt":"2025-06-23T07:19:52","slug":"tech_support","status":"publish","type":"page","link":"https:\/\/ardo.it\/ua\/tech_support\/","title":{"rendered":"tech_support"},"content":{"rendered":"<div data-elementor-type=\"wp-page\" data-elementor-id=\"4809\" class=\"elementor elementor-4809\">\n\t\t\t\t<div class=\"elementor-element elementor-element-65a670d8 e-con-full e-flex e-con e-parent\" data-id=\"65a670d8\" data-element_type=\"container\" data-e-type=\"container\" data-settings=\"{&quot;background_background&quot;:&quot;classic&quot;}\">\n\t\t<div class=\"elementor-element elementor-element-2eb77d90 e-con-full e-flex e-con e-child\" data-id=\"2eb77d90\" data-element_type=\"container\" data-e-type=\"container\">\n\t\t\t\t<div class=\"elementor-element elementor-element-3269524c elementor-widget elementor-widget-heading\" data-id=\"3269524c\" data-element_type=\"widget\" data-e-type=\"widget\" data-widget_type=\"heading.default\">\n\t\t\t\t<div class=\"elementor-widget-container\">\n\t\t\t\t\t<h2 class=\"elementor-heading-title elementor-size-default\">Technischer Support <br> Ardo Maestro GmbH<\/h2>\t\t\t\t<\/div>\n\t\t\t\t<\/div>\n\t\t\t\t<div class=\"elementor-element elementor-element-4c2682cc color-scheme-inherit text-left elementor-widget elementor-widget-text-editor\" data-id=\"4c2682cc\" data-element_type=\"widget\" data-e-type=\"widget\" data-widget_type=\"text-editor.default\">\n\t\t\t\t<div class=\"elementor-widget-container\">\n\t\t\t\t\t\t\t\t\t<p style=\"font-weight: 400;\">Willkommen auf der Support-Seite der Ardo Maestro GmbH.<\/p><p style=\"font-weight: 400;\">Wenn Sie Fragen zu einem unserer Produkte haben oder technische Unterst\u00fctzung ben\u00f6tigen, steht Ihnen unser Support-Team gerne zur Verf\u00fcgung.<\/p><p style=\"font-weight: 400;\"><strong>Bitte beachten Sie:<\/strong><br \/>Einige Produktkategorien unterliegen nicht dem standardm\u00e4\u00dfigen Garantie-Service. Wir beraten Sie gerne \u00fcber m\u00f6gliche Optionen.<\/p><p style=\"font-weight: 400;\">\ud83d\udce7 <a href=\"mailto:support@ardomaestro.de\" data-outlook-id=\"40aba099-2eb1-49e8-a32f-eb742844fc92\">support@ardomaestro.de<\/a><br \/>\ud83d\udcde +49 (0) XXX XXX XXXX<br \/>(Montag \u2013 Freitag, 09:00 \u2013 17:00 Uhr)<\/p><p style=\"font-weight: 400;\">Ihr Team der Ardo Maestro GmbH<\/p>\t\t\t\t\t\t\t\t<\/div>\n\t\t\t\t<\/div>\n\t\t\t\t<\/div>\n\t\t<div class=\"elementor-element elementor-element-4cd22e09 e-con-full e-flex e-con e-child\" data-id=\"4cd22e09\" data-element_type=\"container\" data-e-type=\"container\">\n\t\t\t\t<div class=\"elementor-element elementor-element-19ee4d36 elementor-widget elementor-widget-image\" data-id=\"19ee4d36\" data-element_type=\"widget\" data-e-type=\"widget\" data-widget_type=\"image.default\">\n\t\t\t\t<div class=\"elementor-widget-container\">\n\t\t\t\t\t\t\t\t\t\t\t\t\t\t\t<img loading=\"lazy\" decoding=\"async\" width=\"1500\" height=\"1000\" src=\"https:\/\/ardo.it\/wp-content\/uploads\/2025\/06\/ardo_service_1.png\" class=\"attachment-large size-large wp-image-4825\" alt=\"\" srcset=\"https:\/\/ardo.it\/wp-content\/uploads\/2025\/06\/ardo_service_1.png 1500w, https:\/\/ardo.it\/wp-content\/uploads\/2025\/06\/ardo_service_1-150x100.png 150w, https:\/\/ardo.it\/wp-content\/uploads\/2025\/06\/ardo_service_1-600x400.png 600w, https:\/\/ardo.it\/wp-content\/uploads\/2025\/06\/ardo_service_1-768x512.png 768w\" sizes=\"auto, (max-width: 1500px) 100vw, 1500px\" \/>\t\t\t\t\t\t\t\t\t\t\t\t\t\t\t<\/div>\n\t\t\t\t<\/div>\n\t\t\t\t<\/div>\n\t\t\t\t<\/div>\n\t\t<div class=\"elementor-element elementor-element-46a9dbca e-con-full e-flex e-con e-parent\" data-id=\"46a9dbca\" data-element_type=\"container\" data-e-type=\"container\" data-settings=\"{&quot;background_background&quot;:&quot;classic&quot;}\">\n\t\t<div class=\"elementor-element elementor-element-4f3f4625 e-con-full e-flex e-con e-child\" data-id=\"4f3f4625\" data-element_type=\"container\" data-e-type=\"container\">\n\t\t\t\t<div class=\"elementor-element elementor-element-79a3df04 elementor-widget elementor-widget-heading\" data-id=\"79a3df04\" data-element_type=\"widget\" data-e-type=\"widget\" data-widget_type=\"heading.default\">\n\t\t\t\t<div class=\"elementor-widget-container\">\n\t\t\t\t\t<h2 class=\"elementor-heading-title elementor-size-default\"><b style=\"font-family: Aptos, sans-serif;font-size: 16px;font-style: normal\">Technical Support \u2013 Ardo Maestro GmbH<\/b><\/h2>\t\t\t\t<\/div>\n\t\t\t\t<\/div>\n\t\t\t\t<div class=\"elementor-element elementor-element-3316c702 color-scheme-inherit text-left elementor-widget elementor-widget-text-editor\" data-id=\"3316c702\" data-element_type=\"widget\" data-e-type=\"widget\" data-widget_type=\"text-editor.default\">\n\t\t\t\t<div class=\"elementor-widget-container\">\n\t\t\t\t\t\t\t\t\t<p>Welcome to the support page of Ardo Maestro GmbH.<br \/>If you have questions about one of our products or require technical assistance, our support team is here to help.<\/p><p><br \/><strong>Please note:<\/strong><br \/>Some product categories may not be covered by the standard warranty service. We\u2019re happy to inform you about available options.<\/p><p><br \/>\ud83d\udce7 support@ardomaestro.de<br \/>\ud83d\udcde +49 (0) XXX XXX XXXX<br \/>(Monday \u2013 Friday, 9:00 AM \u2013 5:00 PM)<br \/>Your Ardo Maestro GmbH Team<\/p>\t\t\t\t\t\t\t\t<\/div>\n\t\t\t\t<\/div>\n\t\t\t\t<\/div>\n\t\t<div class=\"elementor-element elementor-element-537dd2f1 e-con-full e-flex e-con e-child\" data-id=\"537dd2f1\" data-element_type=\"container\" data-e-type=\"container\">\n\t\t\t\t<div class=\"elementor-element elementor-element-7b5552af elementor-widget elementor-widget-image\" data-id=\"7b5552af\" data-element_type=\"widget\" data-e-type=\"widget\" data-widget_type=\"image.default\">\n\t\t\t\t<div class=\"elementor-widget-container\">\n\t\t\t\t\t\t\t\t\t\t\t\t\t\t\t<img loading=\"lazy\" decoding=\"async\" width=\"1500\" height=\"1000\" src=\"https:\/\/ardo.it\/wp-content\/uploads\/2025\/06\/ardo_service_2.png\" class=\"attachment-large size-large wp-image-4826\" alt=\"\" srcset=\"https:\/\/ardo.it\/wp-content\/uploads\/2025\/06\/ardo_service_2.png 1500w, https:\/\/ardo.it\/wp-content\/uploads\/2025\/06\/ardo_service_2-150x100.png 150w, https:\/\/ardo.it\/wp-content\/uploads\/2025\/06\/ardo_service_2-600x400.png 600w, https:\/\/ardo.it\/wp-content\/uploads\/2025\/06\/ardo_service_2-768x512.png 768w\" sizes=\"auto, (max-width: 1500px) 100vw, 1500px\" \/>\t\t\t\t\t\t\t\t\t\t\t\t\t\t\t<\/div>\n\t\t\t\t<\/div>\n\t\t\t\t<\/div>\n\t\t\t\t<\/div>\n\t\t\t\t<\/div>","protected":false},"excerpt":{"rendered":"<p>Technischer Support Ardo Maestro GmbH Willkommen auf der Support-Seite der Ardo Maestro GmbH. Wenn Sie Fragen zu einem unserer Produkte<\/p>","protected":false},"author":6,"featured_media":0,"parent":0,"menu_order":0,"comment_status":"closed","ping_status":"closed","template":"","meta":{"inline_featured_image":false,"footnotes":""},"class_list":["post-4809","page","type-page","status-publish","hentry"],"_links":{"self":[{"href":"https:\/\/ardo.it\/ua\/wp-json\/wp\/v2\/pages\/4809","targetHints":{"allow":["GET"]}}],"collection":[{"href":"https:\/\/ardo.it\/ua\/wp-json\/wp\/v2\/pages"}],"about":[{"href":"https:\/\/ardo.it\/ua\/wp-json\/wp\/v2\/types\/page"}],"author":[{"embeddable":true,"href":"https:\/\/ardo.it\/ua\/wp-json\/wp\/v2\/users\/6"}],"replies":[{"embeddable":true,"href":"https:\/\/ardo.it\/ua\/wp-json\/wp\/v2\/comments?post=4809"}],"version-history":[{"count":9,"href":"https:\/\/ardo.it\/ua\/wp-json\/wp\/v2\/pages\/4809\/revisions"}],"predecessor-version":[{"id":4833,"href":"https:\/\/ardo.it\/ua\/wp-json\/wp\/v2\/pages\/4809\/revisions\/4833"}],"wp:attachment":[{"href":"https:\/\/ardo.it\/ua\/wp-json\/wp\/v2\/media?parent=4809"}],"curies":[{"name":"wp","href":"https:\/\/api.w.org\/{rel}","templated":true}]}}